{"id":7692,"date":"2024-11-07T12:00:03","date_gmt":"2024-11-07T11:00:03","guid":{"rendered":"https:\/\/www.mindquest-games.fr\/?page_id=7692"},"modified":"2025-06-02T15:24:16","modified_gmt":"2025-06-02T13:24:16","slug":"elementor-7692","status":"publish","type":"page","link":"https:\/\/www.mindquest-games.fr\/en\/elementor-7692\/","title":{"rendered":"Urban Escape Game"},"content":{"rendered":"<div data-elementor-type=\"wp-page\" data-elementor-id=\"7692\" class=\"elementor elementor-7692\">\n\t\t\t\t\t\t<section data-particle_enable=\"false\" data-particle-mobile-disabled=\"false\" class=\"elementor-section elementor-top-section elementor-element elementor-element-29efc7e elementor-section-boxed elementor-section-height-default elementor-section-height-default\" data-id=\"29efc7e\" data-element_type=\"section\">\n\t\t\t\t\t\t<div class=\"elementor-container elementor-column-gap-default\">\n\t\t\t\t\t<div class=\"elementor-column elementor-col-100 elementor-top-column elementor-element elementor-element-9e26ffb\" data-id=\"9e26ffb\" data-element_type=\"column\">\n\t\t\t<div class=\"elementor-widget-wrap elementor-element-populated\">\n\t\t\t\t\t\t<div class=\"elementor-element elementor-element-2fff307 elementor-widget elementor-widget-heading\" data-id=\"2fff307\" data-element_type=\"widget\" data-widget_type=\"heading.default\">\n\t\t\t\t<div class=\"elementor-widget-container\">\n\t\t\t\t\t<h2 class=\"elementor-heading-title elementor-size-default\">Urban Escape Game<\/h2>\t\t\t\t<\/div>\n\t\t\t\t<\/div>\n\t\t\t\t\t<\/div>\n\t\t<\/div>\n\t\t\t\t\t<\/div>\n\t\t<\/section>\n\t\t\t\t<section data-particle_enable=\"false\" data-particle-mobile-disabled=\"false\" class=\"elementor-section elementor-top-section elementor-element elementor-element-6b243b8 elementor-section-full_width elementor-section-stretched elementor-section-height-default elementor-section-height-default\" data-id=\"6b243b8\" data-element_type=\"section\" data-settings=\"{&quot;stretch_section&quot;:&quot;section-stretched&quot;}\">\n\t\t\t\t\t\t<div class=\"elementor-container elementor-column-gap-extended\">\n\t\t\t\t\t<div class=\"elementor-column elementor-col-100 elementor-top-column elementor-element elementor-element-a83028b\" data-id=\"a83028b\" data-element_type=\"column\">\n\t\t\t<div class=\"elementor-widget-wrap elementor-element-populated\">\n\t\t\t\t\t\t<section data-particle_enable=\"false\" data-particle-mobile-disabled=\"false\" class=\"elementor-section elementor-inner-section elementor-element elementor-element-fd69307 elementor-section-boxed elementor-section-height-default elementor-section-height-default\" data-id=\"fd69307\" data-element_type=\"section\">\n\t\t\t\t\t\t<div class=\"elementor-container elementor-column-gap-default\">\n\t\t\t\t\t<div class=\"elementor-column elementor-col-50 elementor-inner-column elementor-element elementor-element-d589670\" data-id=\"d589670\" data-element_type=\"column\">\n\t\t\t<div class=\"elementor-widget-wrap elementor-element-populated\">\n\t\t\t\t\t\t<div class=\"elementor-element elementor-element-183ef66 elementor-widget elementor-widget-heading\" data-id=\"183ef66\" data-element_type=\"widget\" data-widget_type=\"heading.default\">\n\t\t\t\t<div class=\"elementor-widget-container\">\n\t\t\t\t\t<h2 class=\"elementor-heading-title elementor-size-default\"><a href=\"https:\/\/www.ledauphine.com\/culture-loisirs\/2025\/05\/12\/le-premier-jeu-d-evasion-urbain-a-seduit\">The Dauphin\u00e9<\/a><\/h2>\t\t\t\t<\/div>\n\t\t\t\t<\/div>\n\t\t\t\t<div data-ep-wrapper-link=\"{&quot;url&quot;:&quot;https:\\\/\\\/www.ledauphine.com\\\/culture-loisirs\\\/2025\\\/05\\\/12\\\/le-premier-jeu-d-evasion-urbain-a-seduit&quot;,&quot;is_external&quot;:&quot;on&quot;,&quot;nofollow&quot;:&quot;&quot;,&quot;custom_attributes&quot;:&quot;&quot;}\" style=\"cursor: pointer\" class=\"bdt-element-link elementor-element elementor-element-cf91660 elementor-widget elementor-widget-image\" data-id=\"cf91660\" data-element_type=\"widget\" data-widget_type=\"image.default\">\n\t\t\t\t<div class=\"elementor-widget-container\">\n\t\t\t\t\t\t\t\t\t\t\t\t\t\t\t\t<a href=\"https:\/\/www.ledauphine.com\/culture-loisirs\/2025\/05\/12\/le-premier-jeu-d-evasion-urbain-a-seduit\">\n\t\t\t\t\t\t\t<img fetchpriority=\"high\" decoding=\"async\" width=\"1000\" height=\"800\" src=\"https:\/\/www.mindquest-games.fr\/wp-content\/uploads\/2025\/06\/le-dauphine-la-presse-en-parle.png\" class=\"attachment-full size-full wp-image-8405\" alt=\"\" srcset=\"https:\/\/www.mindquest-games.fr\/wp-content\/uploads\/2025\/06\/le-dauphine-la-presse-en-parle.png 1000w, https:\/\/www.mindquest-games.fr\/wp-content\/uploads\/2025\/06\/le-dauphine-la-presse-en-parle-300x240.png 300w, https:\/\/www.mindquest-games.fr\/wp-content\/uploads\/2025\/06\/le-dauphine-la-presse-en-parle-768x614.png 768w, https:\/\/www.mindquest-games.fr\/wp-content\/uploads\/2025\/06\/le-dauphine-la-presse-en-parle-81x65.png 81w, https:\/\/www.mindquest-games.fr\/wp-content\/uploads\/2025\/06\/le-dauphine-la-presse-en-parle-15x12.png 15w, https:\/\/www.mindquest-games.fr\/wp-content\/uploads\/2025\/06\/le-dauphine-la-presse-en-parle-700x560.png 700w\" sizes=\"(max-width: 1000px) 100vw, 1000px\" \/>\t\t\t\t\t\t\t\t<\/a>\n\t\t\t\t\t\t\t\t\t\t\t\t\t\t\t<\/div>\n\t\t\t\t<\/div>\n\t\t\t\t<div class=\"elementor-element elementor-element-0c1a58e elementor-widget elementor-widget-heading\" data-id=\"0c1a58e\" data-element_type=\"widget\" data-widget_type=\"heading.default\">\n\t\t\t\t<div class=\"elementor-widget-container\">\n\t\t\t\t\t<h2 class=\"elementor-heading-title elementor-size-default\">The Toulouse newspaper<\/h2>\t\t\t\t<\/div>\n\t\t\t\t<\/div>\n\t\t\t\t<div data-ep-wrapper-link=\"{&quot;url&quot;:&quot;https:\\\/\\\/www.lejournaltoulousain.fr\\\/occitanie\\\/herault\\\/montpellier\\\/escape-game-grandeur-nature-debarque-montpellier-314679\\\/?fbclid=IwY2xjawKISPlleHRuA2FlbQIxMABicmlkETFNZW5aZkpqUHl5WUt2dmoyAR49otrDOg9OcIt3LAFlfHuA5G42SelFOv9V0pbf2qXmNJgncpjnaOth8BiumA_aem_enDO0xCokeEytrKuOjhKPA&quot;,&quot;is_external&quot;:&quot;on&quot;,&quot;nofollow&quot;:&quot;&quot;,&quot;custom_attributes&quot;:&quot;&quot;}\" style=\"cursor: pointer\" class=\"bdt-element-link elementor-element elementor-element-600ab5c elementor-widget elementor-widget-image\" data-id=\"600ab5c\" data-element_type=\"widget\" data-widget_type=\"image.default\">\n\t\t\t\t<div class=\"elementor-widget-container\">\n\t\t\t\t\t\t\t\t\t\t\t\t\t\t\t\t<a href=\"https:\/\/www.lejournaltoulousain.fr\/occitanie\/herault\/montpellier\/escape-game-grandeur-nature-debarque-montpellier-314679\/?fbclid=IwY2xjawKISPlleHRuA2FlbQIxMABicmlkETFNZW5aZkpqUHl5WUt2dmoyAR49otrDOg9OcIt3LAFlfHuA5G42SelFOv9V0pbf2qXmNJgncpjnaOth8BiumA_aem_enDO0xCokeEytrKuOjhKPA\" class=\"broken_link\">\n\t\t\t\t\t\t\t<img decoding=\"async\" width=\"1616\" height=\"1460\" src=\"https:\/\/www.mindquest-games.fr\/wp-content\/uploads\/2025\/05\/Capture-decran-2025-05-08-a-14.55.15.png\" class=\"attachment-full size-full wp-image-8336\" alt=\"\" srcset=\"https:\/\/www.mindquest-games.fr\/wp-content\/uploads\/2025\/05\/Capture-decran-2025-05-08-a-14.55.15.png 1616w, https:\/\/www.mindquest-games.fr\/wp-content\/uploads\/2025\/05\/Capture-decran-2025-05-08-a-14.55.15-300x271.png 300w, https:\/\/www.mindquest-games.fr\/wp-content\/uploads\/2025\/05\/Capture-decran-2025-05-08-a-14.55.15-1024x925.png 1024w, https:\/\/www.mindquest-games.fr\/wp-content\/uploads\/2025\/05\/Capture-decran-2025-05-08-a-14.55.15-768x694.png 768w, https:\/\/www.mindquest-games.fr\/wp-content\/uploads\/2025\/05\/Capture-decran-2025-05-08-a-14.55.15-72x65.png 72w, https:\/\/www.mindquest-games.fr\/wp-content\/uploads\/2025\/05\/Capture-decran-2025-05-08-a-14.55.15-1536x1388.png 1536w, https:\/\/www.mindquest-games.fr\/wp-content\/uploads\/2025\/05\/Capture-decran-2025-05-08-a-14.55.15-13x12.png 13w, https:\/\/www.mindquest-games.fr\/wp-content\/uploads\/2025\/05\/Capture-decran-2025-05-08-a-14.55.15-700x632.png 700w\" sizes=\"(max-width: 1616px) 100vw, 1616px\" \/>\t\t\t\t\t\t\t\t<\/a>\n\t\t\t\t\t\t\t\t\t\t\t\t\t\t\t<\/div>\n\t\t\t\t<\/div>\n\t\t\t\t<div class=\"elementor-element elementor-element-36aa743 elementor-widget elementor-widget-heading\" data-id=\"36aa743\" data-element_type=\"widget\" data-widget_type=\"heading.default\">\n\t\t\t\t<div class=\"elementor-widget-container\">\n\t\t\t\t\t<h2 class=\"elementor-heading-title elementor-size-default\"><a href=\"https:\/\/www.midilibre.fr\/2025\/04\/27\/lidee-est-de-valoriser-le-patrimoine-un-escape-game-urbain-et-inedit-avec-le-centre-de-montpellier-comme-terrain-de-jeu-12653662.php\">Midi Libre<\/a><\/h2>\t\t\t\t<\/div>\n\t\t\t\t<\/div>\n\t\t\t\t<div data-ep-wrapper-link=\"{&quot;url&quot;:&quot;https:\\\/\\\/www.midilibre.fr\\\/2025\\\/04\\\/27\\\/lidee-est-de-valoriser-le-patrimoine-un-escape-game-urbain-et-inedit-avec-le-centre-de-montpellier-comme-terrain-de-jeu-12653662.php&quot;,&quot;is_external&quot;:&quot;on&quot;,&quot;nofollow&quot;:&quot;&quot;,&quot;custom_attributes&quot;:&quot;&quot;}\" style=\"cursor: pointer\" class=\"bdt-element-link elementor-element elementor-element-296f21b elementor-widget elementor-widget-image\" data-id=\"296f21b\" data-element_type=\"widget\" data-widget_type=\"image.default\">\n\t\t\t\t<div class=\"elementor-widget-container\">\n\t\t\t\t\t\t\t\t\t\t\t\t\t\t\t\t<a href=\"https:\/\/www.midilibre.fr\/2025\/04\/27\/lidee-est-de-valoriser-le-patrimoine-un-escape-game-urbain-et-inedit-avec-le-centre-de-montpellier-comme-terrain-de-jeu-12653662.php\">\n\t\t\t\t\t\t\t<img decoding=\"async\" width=\"1600\" height=\"1191\" src=\"https:\/\/www.mindquest-games.fr\/wp-content\/uploads\/2025\/04\/midi-libre-article.jpeg\" class=\"attachment-full size-full wp-image-8292\" alt=\"\" srcset=\"https:\/\/www.mindquest-games.fr\/wp-content\/uploads\/2025\/04\/midi-libre-article.jpeg 1600w, https:\/\/www.mindquest-games.fr\/wp-content\/uploads\/2025\/04\/midi-libre-article-300x223.jpeg 300w, https:\/\/www.mindquest-games.fr\/wp-content\/uploads\/2025\/04\/midi-libre-article-1024x762.jpeg 1024w, https:\/\/www.mindquest-games.fr\/wp-content\/uploads\/2025\/04\/midi-libre-article-768x572.jpeg 768w, https:\/\/www.mindquest-games.fr\/wp-content\/uploads\/2025\/04\/midi-libre-article-87x65.jpeg 87w, https:\/\/www.mindquest-games.fr\/wp-content\/uploads\/2025\/04\/midi-libre-article-1536x1143.jpeg 1536w, https:\/\/www.mindquest-games.fr\/wp-content\/uploads\/2025\/04\/midi-libre-article-16x12.jpeg 16w, https:\/\/www.mindquest-games.fr\/wp-content\/uploads\/2025\/04\/midi-libre-article-700x521.jpeg 700w\" sizes=\"(max-width: 1600px) 100vw, 1600px\" \/>\t\t\t\t\t\t\t\t<\/a>\n\t\t\t\t\t\t\t\t\t\t\t\t\t\t\t<\/div>\n\t\t\t\t<\/div>\n\t\t\t\t<div class=\"elementor-element elementor-element-847d23c elementor-widget elementor-widget-heading\" data-id=\"847d23c\" data-element_type=\"widget\" data-widget_type=\"heading.default\">\n\t\t\t\t<div class=\"elementor-widget-container\">\n\t\t\t\t\t<h2 class=\"elementor-heading-title elementor-size-default\">The Geek Journal<\/h2>\t\t\t\t<\/div>\n\t\t\t\t<\/div>\n\t\t\t\t<div data-ep-wrapper-link=\"{&quot;url&quot;:&quot;https:\\\/\\\/www.journaldugeek.com\\\/2024\\\/08\\\/21\\\/operation-kleptis-participez-a-un-escape-game-urbain-geant-dans-nimes\\\/?fbclid=IwY2xjawGZeEFleHRuA2FlbQIxMAABHf0SFNPFTVZC-If-rk71CNLy2wGFRsnHtdjnlSbL3lbdWdwEoHdgFPhr-g_aem_6vKqZvCTFzcnQVZ_GKbJmQ&quot;,&quot;is_external&quot;:&quot;on&quot;,&quot;nofollow&quot;:&quot;&quot;,&quot;custom_attributes&quot;:&quot;&quot;}\" style=\"cursor: pointer\" class=\"bdt-element-link elementor-element elementor-element-e09d977 elementor-widget elementor-widget-image\" data-id=\"e09d977\" data-element_type=\"widget\" data-widget_type=\"image.default\">\n\t\t\t\t<div class=\"elementor-widget-container\">\n\t\t\t\t\t\t\t\t\t\t\t\t\t\t\t<img loading=\"lazy\" decoding=\"async\" width=\"998\" height=\"484\" src=\"https:\/\/www.mindquest-games.fr\/wp-content\/uploads\/2024\/11\/Capture-decran-2024-11-07-114247.png\" class=\"attachment-full size-full wp-image-7679\" alt=\"\" srcset=\"https:\/\/www.mindquest-games.fr\/wp-content\/uploads\/2024\/11\/Capture-decran-2024-11-07-114247.png 998w, https:\/\/www.mindquest-games.fr\/wp-content\/uploads\/2024\/11\/Capture-decran-2024-11-07-114247-300x145.png 300w, https:\/\/www.mindquest-games.fr\/wp-content\/uploads\/2024\/11\/Capture-decran-2024-11-07-114247-768x372.png 768w, https:\/\/www.mindquest-games.fr\/wp-content\/uploads\/2024\/11\/Capture-decran-2024-11-07-114247-130x63.png 130w, https:\/\/www.mindquest-games.fr\/wp-content\/uploads\/2024\/11\/Capture-decran-2024-11-07-114247-18x9.png 18w, https:\/\/www.mindquest-games.fr\/wp-content\/uploads\/2024\/11\/Capture-decran-2024-11-07-114247-700x339.png 700w\" sizes=\"(max-width: 998px) 100vw, 998px\" \/>\t\t\t\t\t\t\t\t\t\t\t\t\t\t\t<\/div>\n\t\t\t\t<\/div>\n\t\t\t\t<div class=\"elementor-element elementor-element-3a25d3d elementor-widget elementor-widget-heading\" data-id=\"3a25d3d\" data-element_type=\"widget\" data-widget_type=\"heading.default\">\n\t\t\t\t<div class=\"elementor-widget-container\">\n\t\t\t\t\t<h2 class=\"elementor-heading-title elementor-size-default\">The Dauphin\u00e9<\/h2>\t\t\t\t<\/div>\n\t\t\t\t<\/div>\n\t\t\t\t<div data-ep-wrapper-link=\"{&quot;url&quot;:&quot;https:\\\/\\\/www.ledauphine.com\\\/culture-loisirs\\\/2024\\\/10\\\/19\\\/isere-vienne-operation-kleptis-l-escape-game-grandeur-nature-dans-les-rues-de-la-ville&quot;,&quot;is_external&quot;:&quot;on&quot;,&quot;nofollow&quot;:&quot;&quot;,&quot;custom_attributes&quot;:&quot;&quot;}\" style=\"cursor: pointer\" class=\"bdt-element-link elementor-element elementor-element-ca828e7 elementor-widget elementor-widget-image\" data-id=\"ca828e7\" data-element_type=\"widget\" data-widget_type=\"image.default\">\n\t\t\t\t<div class=\"elementor-widget-container\">\n\t\t\t\t\t\t\t\t\t\t\t\t\t\t\t<img loading=\"lazy\" decoding=\"async\" width=\"896\" height=\"668\" src=\"https:\/\/www.mindquest-games.fr\/wp-content\/uploads\/2024\/11\/Capture-decran-2024-10-30-164524.png\" class=\"attachment-full size-full wp-image-7681\" alt=\"\" srcset=\"https:\/\/www.mindquest-games.fr\/wp-content\/uploads\/2024\/11\/Capture-decran-2024-10-30-164524.png 896w, https:\/\/www.mindquest-games.fr\/wp-content\/uploads\/2024\/11\/Capture-decran-2024-10-30-164524-300x224.png 300w, https:\/\/www.mindquest-games.fr\/wp-content\/uploads\/2024\/11\/Capture-decran-2024-10-30-164524-768x573.png 768w, https:\/\/www.mindquest-games.fr\/wp-content\/uploads\/2024\/11\/Capture-decran-2024-10-30-164524-87x65.png 87w, https:\/\/www.mindquest-games.fr\/wp-content\/uploads\/2024\/11\/Capture-decran-2024-10-30-164524-16x12.png 16w, https:\/\/www.mindquest-games.fr\/wp-content\/uploads\/2024\/11\/Capture-decran-2024-10-30-164524-700x522.png 700w\" sizes=\"(max-width: 896px) 100vw, 896px\" \/>\t\t\t\t\t\t\t\t\t\t\t\t\t\t\t<\/div>\n\t\t\t\t<\/div>\n\t\t\t\t\t<\/div>\n\t\t<\/div>\n\t\t\t\t<div class=\"elementor-column elementor-col-50 elementor-inner-column elementor-element elementor-element-eba5ac3\" data-id=\"eba5ac3\" data-element_type=\"column\">\n\t\t\t<div class=\"elementor-widget-wrap elementor-element-populated\">\n\t\t\t\t\t\t<div class=\"elementor-element elementor-element-4e6854d elementor-widget elementor-widget-heading\" data-id=\"4e6854d\" data-element_type=\"widget\" data-widget_type=\"heading.default\">\n\t\t\t\t<div class=\"elementor-widget-container\">\n\t\t\t\t\t<h2 class=\"elementor-heading-title elementor-size-default\">Provence<\/h2>\t\t\t\t<\/div>\n\t\t\t\t<\/div>\n\t\t\t\t<div class=\"elementor-element elementor-element-2ac34a1 elementor-widget elementor-widget-image\" data-id=\"2ac34a1\" data-element_type=\"widget\" data-widget_type=\"image.default\">\n\t\t\t\t<div class=\"elementor-widget-container\">\n\t\t\t\t\t\t\t\t\t\t\t\t\t\t\t\t<a href=\"https:\/\/www.mindquest-games.fr\/en\/istre-operation-kleptis\/\">\n\t\t\t\t\t\t\t<img loading=\"lazy\" decoding=\"async\" width=\"1250\" height=\"1202\" src=\"https:\/\/www.mindquest-games.fr\/wp-content\/uploads\/2025\/05\/Capture-decran-2025-05-09-a-11.25.57-e1746784927221.png\" class=\"attachment-full size-full wp-image-8358\" alt=\"\" srcset=\"https:\/\/www.mindquest-games.fr\/wp-content\/uploads\/2025\/05\/Capture-decran-2025-05-09-a-11.25.57-e1746784927221.png 1250w, https:\/\/www.mindquest-games.fr\/wp-content\/uploads\/2025\/05\/Capture-decran-2025-05-09-a-11.25.57-e1746784927221-300x288.png 300w, https:\/\/www.mindquest-games.fr\/wp-content\/uploads\/2025\/05\/Capture-decran-2025-05-09-a-11.25.57-e1746784927221-1024x985.png 1024w, https:\/\/www.mindquest-games.fr\/wp-content\/uploads\/2025\/05\/Capture-decran-2025-05-09-a-11.25.57-e1746784927221-768x739.png 768w, https:\/\/www.mindquest-games.fr\/wp-content\/uploads\/2025\/05\/Capture-decran-2025-05-09-a-11.25.57-e1746784927221-68x65.png 68w, https:\/\/www.mindquest-games.fr\/wp-content\/uploads\/2025\/05\/Capture-decran-2025-05-09-a-11.25.57-e1746784927221-12x12.png 12w, https:\/\/www.mindquest-games.fr\/wp-content\/uploads\/2025\/05\/Capture-decran-2025-05-09-a-11.25.57-e1746784927221-700x673.png 700w\" sizes=\"(max-width: 1250px) 100vw, 1250px\" \/>\t\t\t\t\t\t\t\t<\/a>\n\t\t\t\t\t\t\t\t\t\t\t\t\t\t\t<\/div>\n\t\t\t\t<\/div>\n\t\t\t\t<div class=\"elementor-element elementor-element-8d671e6 elementor-widget elementor-widget-heading\" data-id=\"8d671e6\" data-element_type=\"widget\" data-widget_type=\"heading.default\">\n\t\t\t\t<div class=\"elementor-widget-container\">\n\t\t\t\t\t<h2 class=\"elementor-heading-title elementor-size-default\">The Dauphin\u00e9<\/h2>\t\t\t\t<\/div>\n\t\t\t\t<\/div>\n\t\t\t\t<div data-ep-wrapper-link=\"{&quot;url&quot;:&quot;https:\\\/\\\/www.mindquest-games.fr\\\/ledauphine\\\/\\u2197&quot;,&quot;is_external&quot;:&quot;on&quot;,&quot;nofollow&quot;:&quot;&quot;,&quot;custom_attributes&quot;:&quot;&quot;}\" style=\"cursor: pointer\" class=\"bdt-element-link elementor-element elementor-element-830d25e elementor-widget elementor-widget-image\" data-id=\"830d25e\" data-element_type=\"widget\" data-widget_type=\"image.default\">\n\t\t\t\t<div class=\"elementor-widget-container\">\n\t\t\t\t\t\t\t\t\t\t\t\t\t\t\t\t<a href=\"https:\/\/www.mindquest-games.fr\/en\/ledauphine\/\u2197\/\" class=\"broken_link\">\n\t\t\t\t\t\t\t<img loading=\"lazy\" decoding=\"async\" width=\"2190\" height=\"1263\" src=\"https:\/\/www.mindquest-games.fr\/wp-content\/uploads\/2025\/05\/Capture-decran-2025-05-08-a-14.44.58-e1746708601702.png\" class=\"attachment-full size-full wp-image-8318\" alt=\"\" srcset=\"https:\/\/www.mindquest-games.fr\/wp-content\/uploads\/2025\/05\/Capture-decran-2025-05-08-a-14.44.58-e1746708601702.png 2190w, https:\/\/www.mindquest-games.fr\/wp-content\/uploads\/2025\/05\/Capture-decran-2025-05-08-a-14.44.58-e1746708601702-300x173.png 300w, https:\/\/www.mindquest-games.fr\/wp-content\/uploads\/2025\/05\/Capture-decran-2025-05-08-a-14.44.58-e1746708601702-1024x591.png 1024w, https:\/\/www.mindquest-games.fr\/wp-content\/uploads\/2025\/05\/Capture-decran-2025-05-08-a-14.44.58-e1746708601702-768x443.png 768w, https:\/\/www.mindquest-games.fr\/wp-content\/uploads\/2025\/05\/Capture-decran-2025-05-08-a-14.44.58-e1746708601702-113x65.png 113w, https:\/\/www.mindquest-games.fr\/wp-content\/uploads\/2025\/05\/Capture-decran-2025-05-08-a-14.44.58-e1746708601702-1536x886.png 1536w, https:\/\/www.mindquest-games.fr\/wp-content\/uploads\/2025\/05\/Capture-decran-2025-05-08-a-14.44.58-e1746708601702-2048x1181.png 2048w, https:\/\/www.mindquest-games.fr\/wp-content\/uploads\/2025\/05\/Capture-decran-2025-05-08-a-14.44.58-e1746708601702-18x10.png 18w, https:\/\/www.mindquest-games.fr\/wp-content\/uploads\/2025\/05\/Capture-decran-2025-05-08-a-14.44.58-e1746708601702-700x404.png 700w\" sizes=\"(max-width: 2190px) 100vw, 2190px\" \/>\t\t\t\t\t\t\t\t<\/a>\n\t\t\t\t\t\t\t\t\t\t\t\t\t\t\t<\/div>\n\t\t\t\t<\/div>\n\t\t\t\t<div class=\"elementor-element elementor-element-f230b7a elementor-widget elementor-widget-heading\" data-id=\"f230b7a\" data-element_type=\"widget\" data-widget_type=\"heading.default\">\n\t\t\t\t<div class=\"elementor-widget-container\">\n\t\t\t\t\t<h2 class=\"elementor-heading-title elementor-size-default\">Provence<\/h2>\t\t\t\t<\/div>\n\t\t\t\t<\/div>\n\t\t\t\t<div data-ep-wrapper-link=\"{&quot;url&quot;:&quot;https:\\\/\\\/www.laprovence.com\\\/article\\\/region\\\/2185213956143314\\\/a-salon-de-provence-lescape-game-operation-kleptis-nous-fait-voyager-au-coeur-de-la-cite-de-nostradamus?fbclid=IwY2xjawGZeUhleHRuA2FlbQIxMQABHTaLpsUCVZcggTBFSlQD-zAHxTRWD4ps5KHiSQ9pxS6krKY1OL5neilm5w_aem_toxWEpwxIvHVXlriERIRhg&quot;,&quot;is_external&quot;:&quot;on&quot;,&quot;nofollow&quot;:&quot;&quot;,&quot;custom_attributes&quot;:&quot;&quot;}\" style=\"cursor: pointer\" class=\"bdt-element-link elementor-element elementor-element-4fed54a elementor-widget elementor-widget-image\" data-id=\"4fed54a\" data-element_type=\"widget\" data-widget_type=\"image.default\">\n\t\t\t\t<div class=\"elementor-widget-container\">\n\t\t\t\t\t\t\t\t\t\t\t\t\t\t\t<img loading=\"lazy\" decoding=\"async\" width=\"1452\" height=\"858\" src=\"https:\/\/www.mindquest-games.fr\/wp-content\/uploads\/2024\/11\/Capture-decran-2024-11-07-114710.png\" class=\"attachment-full size-full wp-image-7680\" alt=\"\" srcset=\"https:\/\/www.mindquest-games.fr\/wp-content\/uploads\/2024\/11\/Capture-decran-2024-11-07-114710.png 1452w, https:\/\/www.mindquest-games.fr\/wp-content\/uploads\/2024\/11\/Capture-decran-2024-11-07-114710-300x177.png 300w, https:\/\/www.mindquest-games.fr\/wp-content\/uploads\/2024\/11\/Capture-decran-2024-11-07-114710-1024x605.png 1024w, https:\/\/www.mindquest-games.fr\/wp-content\/uploads\/2024\/11\/Capture-decran-2024-11-07-114710-768x454.png 768w, https:\/\/www.mindquest-games.fr\/wp-content\/uploads\/2024\/11\/Capture-decran-2024-11-07-114710-110x65.png 110w, https:\/\/www.mindquest-games.fr\/wp-content\/uploads\/2024\/11\/Capture-decran-2024-11-07-114710-18x12.png 18w, https:\/\/www.mindquest-games.fr\/wp-content\/uploads\/2024\/11\/Capture-decran-2024-11-07-114710-700x414.png 700w\" sizes=\"(max-width: 1452px) 100vw, 1452px\" \/>\t\t\t\t\t\t\t\t\t\t\t\t\t\t\t<\/div>\n\t\t\t\t<\/div>\n\t\t\t\t<div class=\"elementor-element elementor-element-b55e2c1 elementor-widget elementor-widget-heading\" data-id=\"b55e2c1\" data-element_type=\"widget\" data-widget_type=\"heading.default\">\n\t\t\t\t<div class=\"elementor-widget-container\">\n\t\t\t\t\t<h2 class=\"elementor-heading-title elementor-size-default\">Radio Scoop<\/h2>\t\t\t\t<\/div>\n\t\t\t\t<\/div>\n\t\t\t\t<div data-ep-wrapper-link=\"{&quot;url&quot;:&quot;https:\\\/\\\/www.radioscoop.com\\\/agenda\\\/l-operation-kleptis-escape-game-urbain-a-vienne_313248?fbclid=IwY2xjawGZaERleHRuA2FlbQIxMQABHXseoBZTi9B2-yv-ZTAXSethmfI2swKgO67Eje947m7mMPm8loEczLRIUA_aem_0sl8fRa_wpoIhNIUYxxKSg&quot;,&quot;is_external&quot;:&quot;on&quot;,&quot;nofollow&quot;:&quot;&quot;,&quot;custom_attributes&quot;:&quot;&quot;}\" style=\"cursor: pointer\" class=\"bdt-element-link elementor-element elementor-element-ed7b602 elementor-widget elementor-widget-image\" data-id=\"ed7b602\" data-element_type=\"widget\" data-widget_type=\"image.default\">\n\t\t\t\t<div class=\"elementor-widget-container\">\n\t\t\t\t\t\t\t\t\t\t\t\t\t\t\t<img loading=\"lazy\" decoding=\"async\" width=\"918\" height=\"804\" src=\"https:\/\/www.mindquest-games.fr\/wp-content\/uploads\/2024\/11\/Capture-decran-2024-11-07-115609.png\" class=\"attachment-large size-large wp-image-7682\" alt=\"\" srcset=\"https:\/\/www.mindquest-games.fr\/wp-content\/uploads\/2024\/11\/Capture-decran-2024-11-07-115609.png 918w, https:\/\/www.mindquest-games.fr\/wp-content\/uploads\/2024\/11\/Capture-decran-2024-11-07-115609-300x263.png 300w, https:\/\/www.mindquest-games.fr\/wp-content\/uploads\/2024\/11\/Capture-decran-2024-11-07-115609-768x673.png 768w, https:\/\/www.mindquest-games.fr\/wp-content\/uploads\/2024\/11\/Capture-decran-2024-11-07-115609-74x65.png 74w, https:\/\/www.mindquest-games.fr\/wp-content\/uploads\/2024\/11\/Capture-decran-2024-11-07-115609-14x12.png 14w, https:\/\/www.mindquest-games.fr\/wp-content\/uploads\/2024\/11\/Capture-decran-2024-11-07-115609-700x613.png 700w\" sizes=\"(max-width: 918px) 100vw, 918px\" \/>\t\t\t\t\t\t\t\t\t\t\t\t\t\t\t<\/div>\n\t\t\t\t<\/div>\n\t\t\t\t\t<\/div>\n\t\t<\/div>\n\t\t\t\t\t<\/div>\n\t\t<\/section>\n\t\t\t\t\t<\/div>\n\t\t<\/div>\n\t\t\t\t\t<\/div>\n\t\t<\/section>\n\t\t\t\t<\/div>","protected":false},"excerpt":{"rendered":"<p>Escape Game Urbain Le Dauphin\u00e9 Le journal Toulousain Midi Libre Le Journal du Geek Le Dauphin\u00e9 La Provence Le Dauphin\u00e9 La Provence Radio Scoop<\/p>","protected":false},"author":2460,"featured_media":0,"parent":0,"menu_order":0,"comment_status":"closed","ping_status":"closed","template":"","meta":{"_eb_attr":"","footnotes":""},"class_list":["post-7692","page","type-page","status-publish","hentry","entry","owp-thumbs-layout-vertical","owp-btn-normal","owp-tabs-layout-horizontal","has-no-thumbnails"],"_links":{"self":[{"href":"https:\/\/www.mindquest-games.fr\/en\/wp-json\/wp\/v2\/pages\/7692","targetHints":{"allow":["GET"]}}],"collection":[{"href":"https:\/\/www.mindquest-games.fr\/en\/wp-json\/wp\/v2\/pages"}],"about":[{"href":"https:\/\/www.mindquest-games.fr\/en\/wp-json\/wp\/v2\/types\/page"}],"author":[{"embeddable":true,"href":"https:\/\/www.mindquest-games.fr\/en\/wp-json\/wp\/v2\/users\/2460"}],"replies":[{"embeddable":true,"href":"https:\/\/www.mindquest-games.fr\/en\/wp-json\/wp\/v2\/comments?post=7692"}],"version-history":[{"count":47,"href":"https:\/\/www.mindquest-games.fr\/en\/wp-json\/wp\/v2\/pages\/7692\/revisions"}],"predecessor-version":[{"id":8409,"href":"https:\/\/www.mindquest-games.fr\/en\/wp-json\/wp\/v2\/pages\/7692\/revisions\/8409"}],"wp:attachment":[{"href":"https:\/\/www.mindquest-games.fr\/en\/wp-json\/wp\/v2\/media?parent=7692"}],"curies":[{"name":"wp","href":"https:\/\/api.w.org\/{rel}","templated":true}]}}